{"id":1186,"date":"2025-11-28T09:46:01","date_gmt":"2025-11-28T09:46:01","guid":{"rendered":"https:\/\/startersites.io\/elementor\/codespot\/?page_id=1186"},"modified":"2026-02-18T17:48:27","modified_gmt":"2026-02-18T16:48:27","slug":"uslugi","status":"publish","type":"page","link":"https:\/\/evorix.pl\/?page_id=1186","title":{"rendered":"Us\u0142ugi"},"content":{"rendered":"\t\t<div data-elementor-type=\"wp-page\" data-elementor-id=\"1186\" class=\"elementor elementor-1186\">\n\t\t\t\t<div class=\"elementor-element elementor-element-4d0399a e-flex e-con-boxed e-con e-parent\" data-id=\"4d0399a\" data-element_type=\"container\" data-e-type=\"container\" data-settings=\"{&quot;background_background&quot;:&quot;classic&quot;}\">\n\t\t\t\t\t<div class=\"e-con-inner\">\n\t\t<div class=\"elementor-element elementor-element-a09b255 e-con-full e-flex e-con e-child\" data-id=\"a09b255\" data-element_type=\"container\" data-e-type=\"container\">\n\t\t\t\t<div class=\"elementor-element elementor-element-3ba30dd elementor-widget elementor-widget-heading\" data-id=\"3ba30dd\" data-element_type=\"widget\" data-e-type=\"widget\" data-widget_type=\"heading.default\">\n\t\t\t\t\t<h2 class=\"elementor-heading-title elementor-size-default\">Us\u0142ugi<\/h2>\t\t\t\t<\/div>\n\t\t\t\t<div class=\"elementor-element elementor-element-7255df5 elementor-widget elementor-widget-text-editor\" data-id=\"7255df5\" data-element_type=\"widget\" data-e-type=\"widget\" data-widget_type=\"text-editor.default\">\n\t\t\t\t\t\t\t\t\t<p>Projektujemy, modernizujemy i wdra\u017camy systemy sterowania dla przemys\u0142u. \u0141\u0105czymy wiedz\u0119 techniczn\u0105 z praktyk\u0105 produkcyjn\u0105, dostarczaj\u0105c rozwi\u0105zania zwi\u0119kszaj\u0105ce wydajno\u015b\u0107, bezpiecze\u0144stwo i niezawodno\u015b\u0107 maszyn.<\/p>\t\t\t\t\t\t\t\t<\/div>\n\t\t<div class=\"elementor-element elementor-element-ad2e4f1 e-con-full e-flex e-con e-child\" data-id=\"ad2e4f1\" data-element_type=\"container\" data-e-type=\"container\">\n\t\t\t\t<\/div>\n\t\t\t\t<\/div>\n\t\t<div class=\"elementor-element elementor-element-2a4c7fe e-con-full ct-backdrop-s ct-border-animation ct-boxshadow e-flex e-con e-child\" data-id=\"2a4c7fe\" data-element_type=\"container\" data-e-type=\"container\" data-settings=\"{&quot;background_background&quot;:&quot;gradient&quot;}\">\n\t\t\t\t<div class=\"elementor-element elementor-element-1d4318b elementor-widget elementor-widget-heading\" data-id=\"1d4318b\" data-element_type=\"widget\" data-e-type=\"widget\" data-widget_type=\"heading.default\">\n\t\t\t\t\t<h3 class=\"elementor-heading-title elementor-size-default\">Nowoczesne Rozwi\u0105zania<\/h3>\t\t\t\t<\/div>\n\t\t\t\t<div class=\"elementor-element elementor-element-d9d868f elementor-widget elementor-widget-text-editor\" data-id=\"d9d868f\" data-element_type=\"widget\" data-e-type=\"widget\" data-widget_type=\"text-editor.default\">\n\t\t\t\t\t\t\t\t\t<p>Wspieramy rozw\u00f3j zak\u0142ad\u00f3w produkcyjnych poprzez kompleksowe us\u0142ugi z zakresu elektryki i automatyki przemys\u0142owej.<\/p>\t\t\t\t\t\t\t\t<\/div>\n\t\t\t\t<div class=\"elementor-element elementor-element-8ec0ae2 elementor-widget-divider--view-line elementor-widget elementor-widget-divider\" data-id=\"8ec0ae2\" data-element_type=\"widget\" data-e-type=\"widget\" data-widget_type=\"divider.default\">\n\t\t\t\t\t\t\t<div class=\"elementor-divider\">\n\t\t\t<span class=\"elementor-divider-separator\">\n\t\t\t\t\t\t<\/span>\n\t\t<\/div>\n\t\t\t\t\t\t<\/div>\n\t\t\t\t<div class=\"elementor-element elementor-element-936b108 elementor-widget elementor-widget-heading\" data-id=\"936b108\" data-element_type=\"widget\" data-e-type=\"widget\" data-widget_type=\"heading.default\">\n\t\t\t\t\t<h3 class=\"elementor-heading-title elementor-size-default\">Technologia<\/h3>\t\t\t\t<\/div>\n\t\t\t\t<div class=\"elementor-element elementor-element-890cff4 elementor-widget elementor-widget-text-editor\" data-id=\"890cff4\" data-element_type=\"widget\" data-e-type=\"widget\" data-widget_type=\"text-editor.default\">\n\t\t\t\t\t\t\t\t\t<p>Dostarczamy sprawdzone systemy, kt\u00f3re pracuj\u0105 niezawodnie ka\u017cdego dnia.<\/p>\t\t\t\t\t\t\t\t<\/div>\n\t\t\t\t<div class=\"elementor-element elementor-element-2286e1b elementor-widget-divider--view-line elementor-widget elementor-widget-divider\" data-id=\"2286e1b\" data-element_type=\"widget\" data-e-type=\"widget\" data-widget_type=\"divider.default\">\n\t\t\t\t\t\t\t<div class=\"elementor-divider\">\n\t\t\t<span class=\"elementor-divider-separator\">\n\t\t\t\t\t\t<\/span>\n\t\t<\/div>\n\t\t\t\t\t\t<\/div>\n\t\t\t\t<div class=\"elementor-element elementor-element-ce9cf1a elementor-tablet-align-center elementor-align-justify elementor-widget elementor-widget-button\" data-id=\"ce9cf1a\" data-element_type=\"widget\" data-e-type=\"widget\" data-widget_type=\"button.default\">\n\t\t\t\t\t\t\t\t\t\t<a class=\"elementor-button elementor-button-link elementor-size-sm\" href=\"https:\/\/evorix.pl\/?page_id=1192\">\n\t\t\t\t\t\t<span class=\"elementor-button-content-wrapper\">\n\t\t\t\t\t\t<span class=\"elementor-button-icon\">\n\t\t\t\t<svg aria-hidden=\"true\" class=\"e-font-icon-svg e-fas-arrow-right\" viewBox=\"0 0 448 512\" xmlns=\"http:\/\/www.w3.org\/2000\/svg\"><path d=\"M190.5 66.9l22.2-22.2c9.4-9.4 24.6-9.4 33.9 0L441 239c9.4 9.4 9.4 24.6 0 33.9L246.6 467.3c-9.4 9.4-24.6 9.4-33.9 0l-22.2-22.2c-9.5-9.5-9.3-25 .4-34.3L311.4 296H24c-13.3 0-24-10.7-24-24v-32c0-13.3 10.7-24 24-24h287.4L190.9 101.2c-9.8-9.3-10-24.8-.4-34.3z\"><\/path><\/svg>\t\t\t<\/span>\n\t\t\t\t\t\t\t\t\t<span class=\"elementor-button-text\">Skontaktuj sie<\/span>\n\t\t\t\t\t<\/span>\n\t\t\t\t\t<\/a>\n\t\t\t\t\t\t\t\t<\/div>\n\t\t\t\t<\/div>\n\t\t\t\t\t<\/div>\n\t\t\t\t<\/div>\n\t\t<div class=\"elementor-element elementor-element-fc55b5c e-flex e-con-boxed e-con e-parent\" data-id=\"fc55b5c\" data-element_type=\"container\" data-e-type=\"container\">\n\t\t\t\t\t<div class=\"e-con-inner\">\n\t\t<div class=\"elementor-element elementor-element-e6f6ff0 e-con-full e-flex e-con e-child\" data-id=\"e6f6ff0\" data-element_type=\"container\" data-e-type=\"container\">\n\t\t<div class=\"elementor-element elementor-element-f1102cd e-con-full e-flex e-con e-child\" data-id=\"f1102cd\" data-element_type=\"container\" data-e-type=\"container\">\n\t\t\t\t<div class=\"elementor-element elementor-element-a53c4be elementor-widget__width-initial elementor-widget elementor-widget-heading\" data-id=\"a53c4be\" data-element_type=\"widget\" data-e-type=\"widget\" data-widget_type=\"heading.default\">\n\t\t\t\t\t<h2 class=\"elementor-heading-title elementor-size-default\">1. Automatyzacja produkcji\n<\/h2>\t\t\t\t<\/div>\n\t\t\t\t<div class=\"elementor-element elementor-element-c05f96a elementor-widget elementor-widget-text-editor\" data-id=\"c05f96a\" data-element_type=\"widget\" data-e-type=\"widget\" data-widget_type=\"text-editor.default\">\n\t\t\t\t\t\t\t\t\t<p>Projektujemy i wdra\u017camy nowoczesne systemy sterowania, kt\u00f3re usprawniaj\u0105 prac\u0119 maszyn oraz ca\u0142ych linii produkcyjnych. Tworzymy rozwi\u0105zania dopasowane do specyfiki zak\u0142adu, zwi\u0119kszaj\u0105ce wydajno\u015b\u0107, powtarzalno\u015b\u0107 i bezpiecze\u0144stwo proces\u00f3w.<\/p><p>Zakres realizacji obejmuje:<\/p>\t\t\t\t\t\t\t\t<\/div>\n\t\t\t\t<\/div>\n\t\t<div class=\"elementor-element elementor-element-479156f e-grid e-con-full e-con e-child\" data-id=\"479156f\" data-element_type=\"container\" data-e-type=\"container\">\n\t\t<div class=\"elementor-element elementor-element-9df842d e-con-full e-flex e-con e-child\" data-id=\"9df842d\" data-element_type=\"container\" data-e-type=\"container\">\n\t\t\t\t<div class=\"elementor-element elementor-element-a932575 elementor-widget elementor-widget-text-editor\" data-id=\"a932575\" data-element_type=\"widget\" data-e-type=\"widget\" data-widget_type=\"text-editor.default\">\n\t\t\t\t\t\t\t\t\t<ul><li data-start=\"404\" data-end=\"450\"><p data-start=\"406\" data-end=\"450\">projektowanie i budow\u0119 system\u00f3w sterowania<\/p><\/li><li data-start=\"451\" data-end=\"510\"><p data-start=\"453\" data-end=\"510\">programowanie sterownik\u00f3w PLC oraz paneli operatorskich<\/p><\/li><li data-start=\"511\" data-end=\"566\"><p data-start=\"513\" data-end=\"566\">integracj\u0119 maszyn w jedn\u0105, sp\u00f3jn\u0105 lini\u0119 produkcyjn\u0105<\/p><\/li><\/ul>\t\t\t\t\t\t\t\t<\/div>\n\t\t\t\t<\/div>\n\t\t<div class=\"elementor-element elementor-element-345a55a e-con-full e-flex e-con e-child\" data-id=\"345a55a\" data-element_type=\"container\" data-e-type=\"container\">\n\t\t\t\t<div class=\"elementor-element elementor-element-91d49c1 elementor-widget elementor-widget-text-editor\" data-id=\"91d49c1\" data-element_type=\"widget\" data-e-type=\"widget\" data-widget_type=\"text-editor.default\">\n\t\t\t\t\t\t\t\t\t<ul><li data-start=\"567\" data-end=\"618\"><p data-start=\"569\" data-end=\"618\">optymalizacj\u0119 cyklu pracy i redukcj\u0119 przestoj\u00f3w<\/p><\/li><li data-start=\"619\" data-end=\"659\"><p data-start=\"621\" data-end=\"659\">modernizacj\u0119 istniej\u0105cych instalacji<\/p><\/li><\/ul>\t\t\t\t\t\t\t\t<\/div>\n\t\t\t\t<\/div>\n\t\t\t\t<\/div>\n\t\t\t\t<\/div>\n\t\t<div class=\"elementor-element elementor-element-7717406 e-con-full e-flex e-con e-child\" data-id=\"7717406\" data-element_type=\"container\" data-e-type=\"container\">\n\t\t<div class=\"elementor-element elementor-element-2c381ba e-con-full e-flex e-con e-child\" data-id=\"2c381ba\" data-element_type=\"container\" data-e-type=\"container\">\n\t\t<div class=\"elementor-element elementor-element-e8ad673 e-con-full ct-backdrop-s ct-boxshadow e-flex e-con e-child\" data-id=\"e8ad673\" data-element_type=\"container\" data-e-type=\"container\" data-settings=\"{&quot;background_background&quot;:&quot;classic&quot;}\">\n\t\t\t\t<\/div>\n\t\t<div class=\"elementor-element elementor-element-2ab8b04 e-con-full ct-backdrop-s ct-boxshadow ct-border-animation elementor-hidden-mobile e-flex e-con e-child\" data-id=\"2ab8b04\" data-element_type=\"container\" data-e-type=\"container\" data-settings=\"{&quot;background_background&quot;:&quot;gradient&quot;}\">\n\t\t\t\t<\/div>\n\t\t\t\t<\/div>\n\t\t<div class=\"elementor-element elementor-element-8c6ff03 e-con-full ct-backdrop-s ct-border-animation ct-boxshadow elementor-hidden-mobile e-flex e-con e-child\" data-id=\"8c6ff03\" data-element_type=\"container\" data-e-type=\"container\" data-settings=\"{&quot;background_background&quot;:&quot;gradient&quot;}\">\n\t\t\t\t<\/div>\n\t\t\t\t<\/div>\n\t\t\t\t\t<\/div>\n\t\t\t\t<\/div>\n\t\t<div class=\"elementor-element elementor-element-10065b2 e-flex e-con-boxed e-con e-parent\" data-id=\"10065b2\" data-element_type=\"container\" data-e-type=\"container\">\n\t\t\t\t\t<div class=\"e-con-inner\">\n\t\t<div class=\"elementor-element elementor-element-38f220d e-con-full e-flex e-con e-child\" data-id=\"38f220d\" data-element_type=\"container\" data-e-type=\"container\">\n\t\t<div class=\"elementor-element elementor-element-89ed0e0 e-con-full elementor-hidden-mobile e-flex e-con e-child\" data-id=\"89ed0e0\" data-element_type=\"container\" data-e-type=\"container\">\n\t\t<div class=\"elementor-element elementor-element-cf443af e-con-full ct-backdrop-s ct-boxshadow e-flex e-con e-child\" data-id=\"cf443af\" data-element_type=\"container\" data-e-type=\"container\" data-settings=\"{&quot;background_background&quot;:&quot;classic&quot;}\">\n\t\t\t\t<\/div>\n\t\t<div class=\"elementor-element elementor-element-6456664 e-con-full ct-backdrop-s ct-boxshadow ct-border-animation elementor-hidden-mobile e-flex e-con e-child\" data-id=\"6456664\" data-element_type=\"container\" data-e-type=\"container\" data-settings=\"{&quot;background_background&quot;:&quot;gradient&quot;}\">\n\t\t\t\t<\/div>\n\t\t\t\t<\/div>\n\t\t<div class=\"elementor-element elementor-element-36ee433 e-con-full ct-backdrop-s ct-border-animation ct-boxshadow e-flex e-con e-child\" data-id=\"36ee433\" data-element_type=\"container\" data-e-type=\"container\" data-settings=\"{&quot;background_background&quot;:&quot;gradient&quot;}\">\n\t\t\t\t<\/div>\n\t\t\t\t<\/div>\n\t\t<div class=\"elementor-element elementor-element-cc6175d e-con-full e-flex e-con e-child\" data-id=\"cc6175d\" data-element_type=\"container\" data-e-type=\"container\">\n\t\t<div class=\"elementor-element elementor-element-4e28ba2 e-con-full e-flex e-con e-child\" data-id=\"4e28ba2\" data-element_type=\"container\" data-e-type=\"container\">\n\t\t\t\t<div class=\"elementor-element elementor-element-3f3cce8 elementor-widget__width-initial elementor-widget elementor-widget-heading\" data-id=\"3f3cce8\" data-element_type=\"widget\" data-e-type=\"widget\" data-widget_type=\"heading.default\">\n\t\t\t\t\t<h2 class=\"elementor-heading-title elementor-size-default\">2. Szafy sterownicze<\/h2>\t\t\t\t<\/div>\n\t\t\t\t<div class=\"elementor-element elementor-element-1c7870a elementor-widget elementor-widget-text-editor\" data-id=\"1c7870a\" data-element_type=\"widget\" data-e-type=\"widget\" data-widget_type=\"text-editor.default\">\n\t\t\t\t\t\t\t\t\t<p data-start=\"133\" data-end=\"368\">Projektujemy i wykonujemy szafy sterownicze dostosowane do wymaga\u0144 konkretnej instalacji oraz warunk\u00f3w pracy w zak\u0142adzie. Realizujemy projekty kompleksowo \u2013 od koncepcji i dokumentacji, po prefabrykacj\u0119 i przygotowanie do uruchomienia.<\/p><p data-start=\"370\" data-end=\"397\">Zakres realizacji obejmuje:<\/p>\t\t\t\t\t\t\t\t<\/div>\n\t\t\t\t<\/div>\n\t\t<div class=\"elementor-element elementor-element-d0d73c2 e-grid e-con-full e-con e-child\" data-id=\"d0d73c2\" data-element_type=\"container\" data-e-type=\"container\">\n\t\t<div class=\"elementor-element elementor-element-a27d65e e-con-full e-flex e-con e-child\" data-id=\"a27d65e\" data-element_type=\"container\" data-e-type=\"container\">\n\t\t\t\t<div class=\"elementor-element elementor-element-a97ef4c elementor-widget elementor-widget-text-editor\" data-id=\"a97ef4c\" data-element_type=\"widget\" data-e-type=\"widget\" data-widget_type=\"text-editor.default\">\n\t\t\t\t\t\t\t\t\t<ul><li data-start=\"399\" data-end=\"447\"><p data-start=\"401\" data-end=\"447\">projektowanie uk\u0142ad\u00f3w zasilania i sterowania<\/p><\/li><li data-start=\"448\" data-end=\"485\"><p data-start=\"450\" data-end=\"485\">dob\u00f3r aparatury oraz zabezpiecze\u0144<\/p><\/li><li data-start=\"486\" data-end=\"534\"><p data-start=\"488\" data-end=\"534\">wykonanie prefabrykacji i monta\u017c komponent\u00f3w<\/p><\/li><\/ul>\t\t\t\t\t\t\t\t<\/div>\n\t\t\t\t<\/div>\n\t\t<div class=\"elementor-element elementor-element-ca9b109 e-con-full e-flex e-con e-child\" data-id=\"ca9b109\" data-element_type=\"container\" data-e-type=\"container\">\n\t\t\t\t<div class=\"elementor-element elementor-element-a97cb53 elementor-widget elementor-widget-text-editor\" data-id=\"a97cb53\" data-element_type=\"widget\" data-e-type=\"widget\" data-widget_type=\"text-editor.default\">\n\t\t\t\t\t\t\t\t\t<ul><li data-start=\"535\" data-end=\"585\"><p data-start=\"537\" data-end=\"585\">oznaczenia, opisy i uporz\u0105dkowanie okablowania<\/p><\/li><li data-start=\"586\" data-end=\"635\"><p data-start=\"588\" data-end=\"635\">przygotowanie pe\u0142nej dokumentacji technicznej<\/p><\/li><\/ul>\t\t\t\t\t\t\t\t<\/div>\n\t\t\t\t<\/div>\n\t\t\t\t<\/div>\n\t\t\t\t<\/div>\n\t\t\t\t\t<\/div>\n\t\t\t\t<\/div>\n\t\t<div class=\"elementor-element elementor-element-5d38b9c e-flex e-con-boxed e-con e-parent\" data-id=\"5d38b9c\" data-element_type=\"container\" data-e-type=\"container\">\n\t\t\t\t\t<div class=\"e-con-inner\">\n\t\t<div class=\"elementor-element elementor-element-f09c63e e-con-full e-flex e-con e-child\" data-id=\"f09c63e\" data-element_type=\"container\" data-e-type=\"container\">\n\t\t<div class=\"elementor-element elementor-element-c6a1aa5 e-con-full e-flex e-con e-child\" data-id=\"c6a1aa5\" data-element_type=\"container\" data-e-type=\"container\">\n\t\t\t\t<div class=\"elementor-element elementor-element-3fb8435 elementor-widget__width-initial elementor-widget elementor-widget-heading\" data-id=\"3fb8435\" data-element_type=\"widget\" data-e-type=\"widget\" data-widget_type=\"heading.default\">\n\t\t\t\t\t<h2 class=\"elementor-heading-title elementor-size-default\">3. Uruchomienia<\/h2>\t\t\t\t<\/div>\n\t\t\t\t<div class=\"elementor-element elementor-element-5dba363 elementor-widget elementor-widget-text-editor\" data-id=\"5dba363\" data-element_type=\"widget\" data-e-type=\"widget\" data-widget_type=\"text-editor.default\">\n\t\t\t\t\t\t\t\t\t<p data-start=\"169\" data-end=\"395\">Realizujemy kompleksowe uruchomienia maszyn oraz ca\u0142ych uk\u0142ad\u00f3w sterowania, zapewniaj\u0105c ich bezpieczn\u0105 i stabiln\u0105 prac\u0119 od pierwszego startu. Dbamy o ka\u017cdy etap procesu \u2014 od konfiguracji urz\u0105dze\u0144 po ko\u0144cowe testy funkcjonalne.<\/p><p data-start=\"397\" data-end=\"418\">Zakres prac obejmuje:<\/p>\t\t\t\t\t\t\t\t<\/div>\n\t\t\t\t<\/div>\n\t\t<div class=\"elementor-element elementor-element-0bbe409 e-grid e-con-full e-con e-child\" data-id=\"0bbe409\" data-element_type=\"container\" data-e-type=\"container\">\n\t\t<div class=\"elementor-element elementor-element-d057cfa e-con-full e-flex e-con e-child\" data-id=\"d057cfa\" data-element_type=\"container\" data-e-type=\"container\">\n\t\t\t\t<div class=\"elementor-element elementor-element-0f77ee9 elementor-widget elementor-widget-text-editor\" data-id=\"0f77ee9\" data-element_type=\"widget\" data-e-type=\"widget\" data-widget_type=\"text-editor.default\">\n\t\t\t\t\t\t\t\t\t<ul><li data-start=\"420\" data-end=\"457\"><p data-start=\"422\" data-end=\"457\">konfiguracj\u0119 nap\u0119d\u00f3w i falownik\u00f3w<\/p><\/li><li data-start=\"458\" data-end=\"512\"><p data-start=\"460\" data-end=\"512\">parametryzacj\u0119 czujnik\u00f3w oraz system\u00f3w pomiarowych<\/p><\/li><li data-start=\"513\" data-end=\"558\"><p data-start=\"515\" data-end=\"558\">uruchomienie i testowanie sterownik\u00f3w PLC<\/p><\/li><\/ul>\t\t\t\t\t\t\t\t<\/div>\n\t\t\t\t<\/div>\n\t\t<div class=\"elementor-element elementor-element-0ed9dca e-con-full e-flex e-con e-child\" data-id=\"0ed9dca\" data-element_type=\"container\" data-e-type=\"container\">\n\t\t\t\t<div class=\"elementor-element elementor-element-0caf0a1 elementor-widget elementor-widget-text-editor\" data-id=\"0caf0a1\" data-element_type=\"widget\" data-e-type=\"widget\" data-widget_type=\"text-editor.default\">\n\t\t\t\t\t\t\t\t\t<ul><li data-start=\"559\" data-end=\"604\"><p data-start=\"561\" data-end=\"604\">integracj\u0119 urz\u0105dze\u0144 w jeden sp\u00f3jny system<\/p><\/li><li data-start=\"605\" data-end=\"666\"><p data-start=\"607\" data-end=\"666\">testy funkcjonalne oraz weryfikacj\u0119 poprawno\u015bci dzia\u0142ania<\/p><\/li><\/ul>\t\t\t\t\t\t\t\t<\/div>\n\t\t\t\t<\/div>\n\t\t\t\t<\/div>\n\t\t\t\t<\/div>\n\t\t<div class=\"elementor-element elementor-element-fc95f7f e-con-full e-flex e-con e-child\" data-id=\"fc95f7f\" data-element_type=\"container\" data-e-type=\"container\">\n\t\t<div class=\"elementor-element elementor-element-3ee8a35 e-con-full elementor-hidden-mobile e-flex e-con e-child\" data-id=\"3ee8a35\" data-element_type=\"container\" data-e-type=\"container\">\n\t\t<div class=\"elementor-element elementor-element-123d695 e-con-full ct-backdrop-s ct-boxshadow e-flex e-con e-child\" data-id=\"123d695\" data-element_type=\"container\" data-e-type=\"container\" data-settings=\"{&quot;background_background&quot;:&quot;classic&quot;}\">\n\t\t\t\t<\/div>\n\t\t<div class=\"elementor-element elementor-element-d650300 e-con-full ct-backdrop-s ct-boxshadow ct-border-animation elementor-hidden-mobile e-flex e-con e-child\" data-id=\"d650300\" data-element_type=\"container\" data-e-type=\"container\" data-settings=\"{&quot;background_background&quot;:&quot;gradient&quot;}\">\n\t\t\t\t<\/div>\n\t\t\t\t<\/div>\n\t\t<div class=\"elementor-element elementor-element-26efe84 e-con-full ct-backdrop-s ct-border-animation ct-boxshadow e-flex e-con e-child\" data-id=\"26efe84\" data-element_type=\"container\" data-e-type=\"container\" data-settings=\"{&quot;background_background&quot;:&quot;gradient&quot;}\">\n\t\t\t\t<\/div>\n\t\t\t\t<\/div>\n\t\t\t\t\t<\/div>\n\t\t\t\t<\/div>\n\t\t\t\t<\/div>\n\t\t","protected":false},"excerpt":{"rendered":"<p>Us\u0142ugi Projektujemy, modernizujemy i wdra\u017camy systemy sterowania dla przemys\u0142u. \u0141\u0105czymy wiedz\u0119 techniczn\u0105 z praktyk\u0105 produkcyjn\u0105, dostarczaj\u0105c rozwi\u0105zania zwi\u0119kszaj\u0105ce wydajno\u015b\u0107, bezpiecze\u0144stwo i niezawodno\u015b\u0107 maszyn. Nowoczesne Rozwi\u0105zania Wspieramy rozw\u00f3j zak\u0142ad\u00f3w produkcyjnych poprzez kompleksowe us\u0142ugi z zakresu elektryki i automatyki przemys\u0142owej. Technologia Dostarczamy sprawdzone systemy, kt\u00f3re pracuj\u0105 niezawodnie ka\u017cdego dnia. Skontaktuj sie 1. Automatyzacja produkcji Projektujemy i wdra\u017camy [&hellip;]<\/p>\n","protected":false},"author":1,"featured_media":0,"parent":0,"menu_order":0,"comment_status":"closed","ping_status":"closed","template":"","meta":{"ngg_post_thumbnail":0,"footnotes":""},"class_list":["post-1186","page","type-page","status-publish","hentry"],"blocksy_meta":{"has_hero_section":"disabled","vertical_spacing_source":"custom","content_area_spacing":"none","styles_descriptor":{"styles":{"desktop":"","tablet":"","mobile":""},"google_fonts":[],"version":6}},"_links":{"self":[{"href":"https:\/\/evorix.pl\/index.php?rest_route=\/wp\/v2\/pages\/1186","targetHints":{"allow":["GET"]}}],"collection":[{"href":"https:\/\/evorix.pl\/index.php?rest_route=\/wp\/v2\/pages"}],"about":[{"href":"https:\/\/evorix.pl\/index.php?rest_route=\/wp\/v2\/types\/page"}],"author":[{"embeddable":true,"href":"https:\/\/evorix.pl\/index.php?rest_route=\/wp\/v2\/users\/1"}],"replies":[{"embeddable":true,"href":"https:\/\/evorix.pl\/index.php?rest_route=%2Fwp%2Fv2%2Fcomments&post=1186"}],"version-history":[{"count":22,"href":"https:\/\/evorix.pl\/index.php?rest_route=\/wp\/v2\/pages\/1186\/revisions"}],"predecessor-version":[{"id":1354,"href":"https:\/\/evorix.pl\/index.php?rest_route=\/wp\/v2\/pages\/1186\/revisions\/1354"}],"wp:attachment":[{"href":"https:\/\/evorix.pl\/index.php?rest_route=%2Fwp%2Fv2%2Fmedia&parent=1186"}],"curies":[{"name":"wp","href":"https:\/\/api.w.org\/{rel}","templated":true}]}}